{"id":685,"date":"2020-02-23T20:48:08","date_gmt":"2020-02-23T19:48:08","guid":{"rendered":"http:\/\/www.earlytolera.com\/?page_id=685"},"modified":"2025-10-27T14:11:40","modified_gmt":"2025-10-27T13:11:40","slug":"instalacion-de-la-app","status":"publish","type":"page","link":"https:\/\/estudiocarmen.com\/index.php\/instalacion-de-la-app\/","title":{"rendered":"Instalaci\u00f3n de la App EstudioCARMEN"},"content":{"rendered":"\n<h2 class=\"wp-block-heading\">Descripci\u00f3n breve<\/h2>\n\n\n\n<p>El proceso para usar esta App consta de 4 pasos:<\/p>\n\n\n\n<ol class=\"wp-block-list\">\n<li>Instale la aplicaci\u00f3n EXPO GO<\/li>\n\n\n\n<li>Inicie sesi\u00f3n con el usuario <strong>carmen2025 <\/strong>, contrase\u00f1a <strong><strong>carmen2025<\/strong><\/strong><\/li>\n\n\n\n<li>Seleccione la cuenta <strong>estudiocarmen<\/strong><\/li>\n\n\n\n<li>Seleccione el proyecto <strong>EstudioCARMEN<\/strong><\/li>\n\n\n\n<li>Introduzca el c\u00f3digo de activaci\u00f3n que le ha proporcionado el equipo de investigaci\u00f3n<\/li>\n<\/ol>\n\n\n\n<h2 class=\"wp-block-heading\"><\/h2>\n\n\n\n<h2 class=\"wp-block-heading\">1.- Instale la aplicaci\u00f3n Expo Go<\/h2>\n\n\n\n<p>Pulse sobre la imagen para instalar la aplicaci\u00f3n Expo Go.<\/p>\n\n\n\n<h4 class=\"wp-block-heading\">          Para Android<\/h4>\n\n\n\n<figure class=\"wp-block-image aligncenter size-full is-resized imgborder\"><a href=\"https:\/\/play.google.com\/store\/apps\/details?id=host.exp.exponent&amp;hl=es\" target=\"_blank\" rel=\"noopener\"><img loading=\"lazy\" decoding=\"async\" width=\"309\" height=\"116\" src=\"https:\/\/estudiocarmen.com\/wp-content\/uploads\/2025\/10\/image.png\" alt=\"\" class=\"wp-image-1162\" style=\"width:338px\" srcset=\"https:\/\/estudiocarmen.com\/wp-content\/uploads\/2025\/10\/image.png 309w, https:\/\/estudiocarmen.com\/wp-content\/uploads\/2025\/10\/image-300x113.png 300w\" sizes=\"auto, (max-width: 309px) 100vw, 309px\" \/><\/a><\/figure>\n\n\n\n<h4 class=\"wp-block-heading\">          Para Apple<\/h4>\n\n\n\n<figure class=\"wp-block-image aligncenter size-full is-resized imgborder\"><a href=\"https:\/\/apps.apple.com\/es\/app\/expo-go\/id982107779\" target=\"_blank\" rel=\"noopener\"><img loading=\"lazy\" decoding=\"async\" width=\"479\" height=\"236\" src=\"https:\/\/estudiocarmen.com\/wp-content\/uploads\/2025\/10\/image-1.png\" alt=\"\" class=\"wp-image-1164\" style=\"width:336px\" srcset=\"https:\/\/estudiocarmen.com\/wp-content\/uploads\/2025\/10\/image-1.png 479w, https:\/\/estudiocarmen.com\/wp-content\/uploads\/2025\/10\/image-1-300x148.png 300w\" sizes=\"auto, (max-width: 479px) 100vw, 479px\" \/><\/a><\/figure>\n\n\n\n<p><\/p>\n\n\n\n<h2 class=\"wp-block-heading\">2.- Inicie sesi\u00f3n en Expo Go<\/h2>\n\n\n\n<p><strong>NOTA<\/strong>: En los dispositivos android es m\u00e1s r\u00e1pido abrir esta p\u00e1gina web desde el m\u00f3vil y pulsar este enlace:<\/p>\n\n\n\n<p>Ejecute la aplicaci\u00f3n Expo, e introduzca el usuario y contrase\u00f1a siguientes:<br><strong>usuario: carmen2025 <\/strong> (todas las letras en min\u00fasculas)<strong><br>contrase\u00f1a: carmen2025 <\/strong>(todas las letras en min\u00fasculas)<\/p>\n\n\n\n<p><strong>ATENCI\u00d3N<\/strong>: algunos m\u00f3viles ponen autom\u00e1ticamente la primera letra de la contrase\u00f1a en may\u00fasculas. Aseg\u00farese de haberla escrito todo en min\u00fasculas.<\/p>\n\n\n\n<figure class=\"wp-block-image aligncenter size-large is-resized imgborder\"><img loading=\"lazy\" decoding=\"async\" width=\"576\" height=\"1024\" src=\"https:\/\/earlyprotect.com\/wp-content\/uploads\/2022\/05\/expo-login1-576x1024.png\" alt=\"\" class=\"wp-image-1021\" style=\"width:432px;height:768px\" srcset=\"https:\/\/estudiocarmen.com\/wp-content\/uploads\/2022\/05\/expo-login1-576x1024.png 576w, https:\/\/estudiocarmen.com\/wp-content\/uploads\/2022\/05\/expo-login1-169x300.png 169w, https:\/\/estudiocarmen.com\/wp-content\/uploads\/2022\/05\/expo-login1-768x1365.png 768w, https:\/\/estudiocarmen.com\/wp-content\/uploads\/2022\/05\/expo-login1-864x1536.png 864w, https:\/\/estudiocarmen.com\/wp-content\/uploads\/2022\/05\/expo-login1.png 1080w\" sizes=\"auto, (max-width: 576px) 100vw, 576px\" \/><\/figure>\n\n\n\n<figure class=\"wp-block-image aligncenter size-large is-resized\"><img loading=\"lazy\" decoding=\"async\" width=\"576\" height=\"1024\" src=\"https:\/\/earlyprotect.com\/wp-content\/uploads\/2022\/05\/expo-login2-576x1024.png\" alt=\"\" class=\"wp-image-1023\" style=\"width:432px;height:768px\" srcset=\"https:\/\/estudiocarmen.com\/wp-content\/uploads\/2022\/05\/expo-login2-576x1024.png 576w, https:\/\/estudiocarmen.com\/wp-content\/uploads\/2022\/05\/expo-login2-169x300.png 169w, https:\/\/estudiocarmen.com\/wp-content\/uploads\/2022\/05\/expo-login2-768x1365.png 768w, https:\/\/estudiocarmen.com\/wp-content\/uploads\/2022\/05\/expo-login2-864x1536.png 864w, https:\/\/estudiocarmen.com\/wp-content\/uploads\/2022\/05\/expo-login2.png 1080w\" sizes=\"auto, (max-width: 576px) 100vw, 576px\" \/><\/figure>\n\n\n\n<figure class=\"wp-block-image aligncenter size-large is-resized imgborder\"><img loading=\"lazy\" decoding=\"async\" width=\"459\" height=\"1024\" src=\"https:\/\/estudiocarmen.com\/wp-content\/uploads\/2025\/07\/Screenshot_20250505-214713-459x1024.png\" alt=\"\" class=\"wp-image-1159\" style=\"width:432px;height:768px\" srcset=\"https:\/\/estudiocarmen.com\/wp-content\/uploads\/2025\/07\/Screenshot_20250505-214713-459x1024.png 459w, https:\/\/estudiocarmen.com\/wp-content\/uploads\/2025\/07\/Screenshot_20250505-214713-135x300.png 135w, https:\/\/estudiocarmen.com\/wp-content\/uploads\/2025\/07\/Screenshot_20250505-214713-768x1712.png 768w, https:\/\/estudiocarmen.com\/wp-content\/uploads\/2025\/07\/Screenshot_20250505-214713-689x1536.png 689w, https:\/\/estudiocarmen.com\/wp-content\/uploads\/2025\/07\/Screenshot_20250505-214713-919x2048.png 919w, https:\/\/estudiocarmen.com\/wp-content\/uploads\/2025\/07\/Screenshot_20250505-214713.png 1080w\" sizes=\"auto, (max-width: 459px) 100vw, 459px\" \/><\/figure>\n\n\n\n<h2 class=\"wp-block-heading\">3.- Seleccione la cuenta <strong>estudiocarmen<\/strong><\/h2>\n\n\n\n<figure class=\"wp-block-image aligncenter size-large imgborder\"><img loading=\"lazy\" decoding=\"async\" width=\"459\" height=\"1024\" src=\"https:\/\/estudiocarmen.com\/wp-content\/uploads\/2025\/07\/Screenshot_20250701-175346-459x1024.png\" alt=\"\" class=\"wp-image-1155\" srcset=\"https:\/\/estudiocarmen.com\/wp-content\/uploads\/2025\/07\/Screenshot_20250701-175346-459x1024.png 459w, https:\/\/estudiocarmen.com\/wp-content\/uploads\/2025\/07\/Screenshot_20250701-175346-135x300.png 135w, https:\/\/estudiocarmen.com\/wp-content\/uploads\/2025\/07\/Screenshot_20250701-175346-768x1712.png 768w, https:\/\/estudiocarmen.com\/wp-content\/uploads\/2025\/07\/Screenshot_20250701-175346-689x1536.png 689w, https:\/\/estudiocarmen.com\/wp-content\/uploads\/2025\/07\/Screenshot_20250701-175346-919x2048.png 919w, https:\/\/estudiocarmen.com\/wp-content\/uploads\/2025\/07\/Screenshot_20250701-175346.png 1080w\" sizes=\"auto, (max-width: 459px) 100vw, 459px\" \/><\/figure>\n\n\n\n<figure class=\"wp-block-image aligncenter size-large imgborder\"><img loading=\"lazy\" decoding=\"async\" width=\"459\" height=\"1024\" src=\"https:\/\/estudiocarmen.com\/wp-content\/uploads\/2025\/07\/Screenshot_20250701-175352-459x1024.png\" alt=\"\" class=\"wp-image-1156\" srcset=\"https:\/\/estudiocarmen.com\/wp-content\/uploads\/2025\/07\/Screenshot_20250701-175352-459x1024.png 459w, https:\/\/estudiocarmen.com\/wp-content\/uploads\/2025\/07\/Screenshot_20250701-175352-135x300.png 135w, https:\/\/estudiocarmen.com\/wp-content\/uploads\/2025\/07\/Screenshot_20250701-175352-768x1712.png 768w, https:\/\/estudiocarmen.com\/wp-content\/uploads\/2025\/07\/Screenshot_20250701-175352-689x1536.png 689w, https:\/\/estudiocarmen.com\/wp-content\/uploads\/2025\/07\/Screenshot_20250701-175352-919x2048.png 919w, https:\/\/estudiocarmen.com\/wp-content\/uploads\/2025\/07\/Screenshot_20250701-175352.png 1080w\" sizes=\"auto, (max-width: 459px) 100vw, 459px\" \/><\/figure>\n\n\n\n<h2 class=\"wp-block-heading\">4.- Pulse sobre el proyecto Estudio CARMEN<\/h2>\n\n\n\n<figure class=\"wp-block-image aligncenter size-large imgborder\"><img loading=\"lazy\" decoding=\"async\" width=\"459\" height=\"1024\" src=\"https:\/\/estudiocarmen.com\/wp-content\/uploads\/2025\/07\/Screenshot_20250701-175407-459x1024.png\" alt=\"\" class=\"wp-image-1157\" srcset=\"https:\/\/estudiocarmen.com\/wp-content\/uploads\/2025\/07\/Screenshot_20250701-175407-459x1024.png 459w, https:\/\/estudiocarmen.com\/wp-content\/uploads\/2025\/07\/Screenshot_20250701-175407-135x300.png 135w, https:\/\/estudiocarmen.com\/wp-content\/uploads\/2025\/07\/Screenshot_20250701-175407-768x1712.png 768w, https:\/\/estudiocarmen.com\/wp-content\/uploads\/2025\/07\/Screenshot_20250701-175407-689x1536.png 689w, https:\/\/estudiocarmen.com\/wp-content\/uploads\/2025\/07\/Screenshot_20250701-175407-919x2048.png 919w, https:\/\/estudiocarmen.com\/wp-content\/uploads\/2025\/07\/Screenshot_20250701-175407.png 1080w\" sizes=\"auto, (max-width: 459px) 100vw, 459px\" \/><\/figure>\n\n\n\n<p>La siguiente pantalla no aparece siempre, pero en caso de que lo haga, hay que cerrarla:<\/p>\n\n\n\n<figure class=\"wp-block-image aligncenter size-large imgborder\"><img loading=\"lazy\" decoding=\"async\" width=\"459\" height=\"1024\" src=\"https:\/\/estudiocarmen.com\/wp-content\/uploads\/2025\/05\/Screenshot_20250506-000609-1-459x1024.png\" alt=\"\" class=\"wp-image-1142\" srcset=\"https:\/\/estudiocarmen.com\/wp-content\/uploads\/2025\/05\/Screenshot_20250506-000609-1-459x1024.png 459w, https:\/\/estudiocarmen.com\/wp-content\/uploads\/2025\/05\/Screenshot_20250506-000609-1-135x300.png 135w, https:\/\/estudiocarmen.com\/wp-content\/uploads\/2025\/05\/Screenshot_20250506-000609-1-768x1712.png 768w, https:\/\/estudiocarmen.com\/wp-content\/uploads\/2025\/05\/Screenshot_20250506-000609-1-689x1536.png 689w, https:\/\/estudiocarmen.com\/wp-content\/uploads\/2025\/05\/Screenshot_20250506-000609-1-919x2048.png 919w, https:\/\/estudiocarmen.com\/wp-content\/uploads\/2025\/05\/Screenshot_20250506-000609-1.png 1080w\" sizes=\"auto, (max-width: 459px) 100vw, 459px\" \/><\/figure>\n\n\n\n<h2 class=\"wp-block-heading\">5.- Escriba el c\u00f3digo de activaci\u00f3n que le ha proporcionado el equipo de investigaci\u00f3n<\/h2>\n\n\n\n<figure class=\"wp-block-image aligncenter size-large imgborder\"><img loading=\"lazy\" decoding=\"async\" width=\"459\" height=\"1024\" src=\"https:\/\/estudiocarmen.com\/wp-content\/uploads\/2025\/05\/Screenshot_20250506-000613-459x1024.png\" alt=\"\" class=\"wp-image-1140\" srcset=\"https:\/\/estudiocarmen.com\/wp-content\/uploads\/2025\/05\/Screenshot_20250506-000613-459x1024.png 459w, https:\/\/estudiocarmen.com\/wp-content\/uploads\/2025\/05\/Screenshot_20250506-000613-135x300.png 135w, https:\/\/estudiocarmen.com\/wp-content\/uploads\/2025\/05\/Screenshot_20250506-000613-768x1712.png 768w, https:\/\/estudiocarmen.com\/wp-content\/uploads\/2025\/05\/Screenshot_20250506-000613-689x1536.png 689w, https:\/\/estudiocarmen.com\/wp-content\/uploads\/2025\/05\/Screenshot_20250506-000613-919x2048.png 919w, https:\/\/estudiocarmen.com\/wp-content\/uploads\/2025\/05\/Screenshot_20250506-000613.png 1080w\" sizes=\"auto, (max-width: 459px) 100vw, 459px\" \/><\/figure>\n\n\n\n<p><\/p>\n","protected":false},"excerpt":{"rendered":"<p>Descripci\u00f3n breve El proceso para usar esta App consta de 4 pasos: 1.- Instale la aplicaci\u00f3n Expo Go Pulse sobre [&hellip;]<\/p>\n","protected":false},"author":1,"featured_media":0,"parent":0,"menu_order":0,"comment_status":"closed","ping_status":"closed","template":"","meta":{"_uag_custom_page_level_css":"","site-sidebar-layout":"default","site-content-layout":"","ast-site-content-layout":"default","site-content-style":"default","site-sidebar-style":"default","ast-global-header-display":"","ast-banner-title-visibility":"","ast-main-header-display":"","ast-hfb-above-header-display":"","ast-hfb-below-header-display":"","ast-hfb-mobile-header-display":"","site-post-title":"","ast-breadcrumbs-content":"","ast-featured-img":"","footer-sml-layout":"","ast-disable-related-posts":"","theme-transparent-header-meta":"","adv-header-id-meta":"","stick-header-meta":"","header-above-stick-meta":"","header-main-stick-meta":"","header-below-stick-meta":"","astra-migrate-meta-layouts":"default","ast-page-background-enabled":"default","ast-page-background-meta":{"desktop":{"background-color":"var(--ast-global-color-5)","background-image":"","background-repeat":"repeat","background-position":"center center","background-size":"auto","background-attachment":"scroll","background-type":"","background-media":"","overlay-type":"","overlay-color":"","overlay-opacity":"","overlay-gradient":""},"tablet":{"background-color":"","background-image":"","background-repeat":"repeat","background-position":"center center","background-size":"auto","background-attachment":"scroll","background-type":"","background-media":"","overlay-type":"","overlay-color":"","overlay-opacity":"","overlay-gradient":""},"mobile":{"background-color":"","background-image":"","background-repeat":"repeat","background-position":"center center","background-size":"auto","background-attachment":"scroll","background-type":"","background-media":"","overlay-type":"","overlay-color":"","overlay-opacity":"","overlay-gradient":""}},"ast-content-background-meta":{"desktop":{"background-color":"var(--ast-global-color-4)","background-image":"","background-repeat":"repeat","background-position":"center center","background-size":"auto","background-attachment":"scroll","background-type":"","background-media":"","overlay-type":"","overlay-color":"","overlay-opacity":"","overlay-gradient":""},"tablet":{"background-color":"var(--ast-global-color-4)","background-image":"","background-repeat":"repeat","background-position":"center center","background-size":"auto","background-attachment":"scroll","background-type":"","background-media":"","overlay-type":"","overlay-color":"","overlay-opacity":"","overlay-gradient":""},"mobile":{"background-color":"var(--ast-global-color-4)","background-image":"","background-repeat":"repeat","background-position":"center center","background-size":"auto","background-attachment":"scroll","background-type":"","background-media":"","overlay-type":"","overlay-color":"","overlay-opacity":"","overlay-gradient":""}},"footnotes":""},"class_list":["post-685","page","type-page","status-publish","hentry"],"uagb_featured_image_src":{"full":false,"thumbnail":false,"medium":false,"medium_large":false,"large":false,"1536x1536":false,"2048x2048":false},"uagb_author_info":{"display_name":"estudiocarmen.com","author_link":"https:\/\/estudiocarmen.com\/index.php\/author\/estudiocarmen-com\/"},"uagb_comment_info":0,"uagb_excerpt":"Descripci\u00f3n breve El proceso para usar esta App consta de 4 pasos: 1.- Instale la aplicaci\u00f3n Expo Go Pulse sobre [&hellip;]","_links":{"self":[{"href":"https:\/\/estudiocarmen.com\/index.php\/wp-json\/wp\/v2\/pages\/685","targetHints":{"allow":["GET"]}}],"collection":[{"href":"https:\/\/estudiocarmen.com\/index.php\/wp-json\/wp\/v2\/pages"}],"about":[{"href":"https:\/\/estudiocarmen.com\/index.php\/wp-json\/wp\/v2\/types\/page"}],"author":[{"embeddable":true,"href":"https:\/\/estudiocarmen.com\/index.php\/wp-json\/wp\/v2\/users\/1"}],"replies":[{"embeddable":true,"href":"https:\/\/estudiocarmen.com\/index.php\/wp-json\/wp\/v2\/comments?post=685"}],"version-history":[{"count":10,"href":"https:\/\/estudiocarmen.com\/index.php\/wp-json\/wp\/v2\/pages\/685\/revisions"}],"predecessor-version":[{"id":1166,"href":"https:\/\/estudiocarmen.com\/index.php\/wp-json\/wp\/v2\/pages\/685\/revisions\/1166"}],"wp:attachment":[{"href":"https:\/\/estudiocarmen.com\/index.php\/wp-json\/wp\/v2\/media?parent=685"}],"curies":[{"name":"wp","href":"https:\/\/api.w.org\/{rel}","templated":true}]}}